{"id":40,"date":"2025-11-13T08:16:09","date_gmt":"2025-11-13T07:16:09","guid":{"rendered":"https:\/\/fkvalg.dk\/?page_id=40"},"modified":"2025-11-13T08:16:10","modified_gmt":"2025-11-13T07:16:10","slug":"cookie-og-privatlivspolitik","status":"publish","type":"page","link":"https:\/\/fkvalg.dk\/index.php\/cookie-og-privatlivspolitik\/","title":{"rendered":"Cookie- og privatlivspolitik"},"content":{"rendered":"\n<p>N\u00e5r du bes\u00f8ger vores hjemmeside, beder vi om dit samtykke til, at vi benytter cookies.<br>Cookies indsamler oplysninger om dig, som bruges til at tilpasse og forbedre vores indhold, der vises p\u00e5 siden. Vi benytter cookies i samarbejde med Monsido, der er vores statistik- og tilg\u00e6ngelighedssamarbejdsparter.<br>Hvis du ikke \u00f8nsker, at der indsamles oplysninger, kan du takke nej til cookies.<br>Du kan til hver en tid fortryde dit samtykke. Det kan du g\u00f8re ved at trykke p\u00e5 det lille cookiesymbol nederst i h\u00f8jre hj\u00f8rne p\u00e5 din sk\u00e6rm.<\/p>\n\n\n\n<h3 class=\"wp-block-heading\">Hj\u00e6lpemidler p\u00e5 hjemmesiden<\/h3>\n\n\n\n<p>Faxe Kommune benytter hj\u00e6lpemidler p\u00e5 hjemmesiden. Hj\u00e6lpemidlerne kan have karakter af bookingkalendere samt betalingssystemer.<\/p>\n\n\n\n<h3 class=\"wp-block-heading\">Cookies fra visning af videoer med mere<\/h3>\n\n\n\n<p>Fra tid til anden viser Faxe Kommune videoer samt lydmateriale. Som udgangspunkt benytter Faxe Kommune egen streamingtjeneste, men i nogle tilf\u00e6lde kan materialet ligge p\u00e5 Youtube.com og Vimeo.com med flere. Videoer eller lyd, der enten er indlejret p\u00e5 hjemmesiden eller videoer, der tilg\u00e5s via et eksternt link.<br>Disse eksterne tjenester placerer egne cookies p\u00e5 din computer. Det er ikke muligt for faxekommune.dk at blokere disse cookies. Ved at se videoerne accepterer du at disse tjenester placerer cookies p\u00e5 din enhed.<\/p>\n\n\n\n<h4 class=\"wp-block-heading\">Det er muligt at slette eller blokere for cookies<\/h4>\n\n\n\n<p>Du kan selv fjerne cookies fra din computer.<br>Se vejledning: <a href=\"https:\/\/www.faxekommune.dk\/da\/saadan-sletter-du-cookies-i-din-browser\">S\u00e5dan sletter du cookies i din browser<\/a><br>Hvis du sletter eller blokerer cookies kan du opleve at websitet ikke fungerer optimalt og der er indhold, du ikke kan f\u00e5 adgang til.<\/p>\n\n\n\n<h3 class=\"wp-block-heading\">Personoplysninger<\/h3>\n\n\n\n<p>Personoplysninger er alle slags informationer, der i et eller andet omfang kan henf\u00f8res til dig. N\u00e5r du benytter vores hjemmeside indsamler og behandler vi en r\u00e6kke s\u00e5danne informationer. Det sker f.eks. ved alm. tilgang af indhold, deltager i unders\u00f8gelser, registrerer dig som bruger eller abonnent og \u00f8vrig brug af services.<br>Vi indsamler og behandler typisk f\u00f8lgende typer af oplysninger: Et unikt ID (der anonymiseres) og tekniske oplysninger om din computer, tablet eller mobiltelefon, dit IP-nummer (der anonymiseres), geografisk placering, samt hvilke sider du klikker p\u00e5 (interesser). I det omfang du selv giver eksplicit samtykke hertil og selv indtaster informationerne behandles desuden: Navn, telefonnummer, e-mail, adresse og betalingsoplysninger. Det vil typisk v\u00e6re i forbindelse ved betaling af ydelser.<\/p>\n\n\n\n<h3 class=\"wp-block-heading\">Sikkerhed<\/h3>\n\n\n\n<p>Vi har truffet tekniske og organisatoriske foranstaltninger mod, at dine oplysninger h\u00e6ndeligt eller ulovligt bliver slettet, offentliggjort, fortabt, forringet eller kommer til uvedkommendes kendskab, misbruges eller i \u00f8vrigt behandles i strid med lovgivningen.<\/p>\n\n\n\n<h3 class=\"wp-block-heading\">Periode for opbevaring<\/h3>\n\n\n\n<p>Oplysningerne opbevares i det tidsrum, der er tilladt i henhold til lovgivningen, og vi sletter dem, n\u00e5r de ikke l\u00e6ngere er n\u00f8dvendige. Perioden afh\u00e6nger af karakteren af oplysningen og baggrunden for opbevaring. Det er derfor ikke muligt at angive en generel tidsramme for, hvorn\u00e5r informationer slettes.<\/p>\n\n\n\n<h3 class=\"wp-block-heading\">Videregivelse af oplysninger<\/h3>\n\n\n\n<p>Data om din brug af hjemmesiden, geografisk placering videregives til tredjeparter, i anonymiseret form i det omfang disse oplysninger er kendt. Du kan se hvilke tredjeparter, der er tale om, i afsnittet om \u201dCookies\u201d ovenfor. Oplysningerne anvendes til statistik.<br>Vi benytter herudover en r\u00e6kke tredjeparter til opbevaring og behandling af data. Disse behandler udelukkende oplysninger p\u00e5 vores vegne og m\u00e5 ikke anvende dem til egne form\u00e5l.<br>Videregivelse af personoplysninger som navn og e-mail m.v. vil kun ske, hvis du giver samtykke til det. Vi anvender kun databehandlere i EU eller i lande, der kan give dine oplysninger en tilstr\u00e6kkelig beskyttelse.<\/p>\n\n\n\n<h3 class=\"wp-block-heading\">Indsigt og klager<\/h3>\n\n\n\n<p>Du har ret til at f\u00e5 oplyst, hvilke personoplysninger, vi behandler om dig. Du kan desuden til enhver tid g\u00f8re indsigelse mod, at oplysninger anvendes.<br>Hvis de oplysninger, der behandles om dig, er forkerte har du ret til at de bliver rettet eller slettet. Henvendelse herom kan ske til databeskyttelsesr\u00e5dgiveren p\u00e5 e-mail: <a href=\"mailto:dbr@faxekommune.dk\">dbr@faxekommune.dk<\/a><\/p>\n\n\n\n<p>Hvis du vil klage over vores behandling af dine personoplysninger, har du ogs\u00e5 mulighed for at tage kontakt til Datatilsynet.<\/p>\n\n\n\n<p><a href=\"https:\/\/www.faxekommune.dk\/da\/borger\/om-kommunen\/behandling-af-personoplysninger\">L\u00e6s mere om hvordan Faxe Kommune behandler dine personoplysninger he<\/a><a href=\"https:\/\/www.faxekommune.dk\/borger\/om-kommunen\/behandling-af-personoplysninger\" target=\"_blank\" rel=\"noreferrer noopener\">r<\/a><\/p>\n\n\n\n<h3 class=\"wp-block-heading\">Udgiver<\/h3>\n\n\n\n<p>Hjemmesiden ejes og publiceres af:<br><strong>Faxe Kommune<\/strong><br>Frederiksgade 9<br>4690 Haslev<br>Telefon: 56 20 30 00<br>E-mail: <a href=\"mailto:kommunen@faxekommune.dk\">kommunen@faxekommune.dk<\/a><\/p>\n","protected":false},"excerpt":{"rendered":"<p>N\u00e5r du bes\u00f8ger vores hjemmeside, beder vi om dit samtykke til, at vi benytter cookies.Cookies indsamler oplysninger om dig, som bruges til at tilpasse og forbedre vores indhold, der vises p\u00e5 siden. Vi benytter cookies i samarbejde med Monsido, der er vores statistik- og tilg\u00e6ngelighedssamarbejdsparter.Hvis du ikke \u00f8nsker, at der indsamles oplysninger, kan du takke &#8230; <a title=\"Cookie- og privatlivspolitik\" class=\"read-more\" href=\"https:\/\/fkvalg.dk\/index.php\/cookie-og-privatlivspolitik\/\" aria-label=\"Read more about Cookie- og privatlivspolitik\">L\u00e6s mere <\/a><\/p>\n","protected":false},"author":1,"featured_media":0,"parent":0,"menu_order":0,"comment_status":"closed","ping_status":"closed","template":"","meta":{"footnotes":""},"class_list":["post-40","page","type-page","status-publish"],"jetpack_sharing_enabled":true,"_links":{"self":[{"href":"https:\/\/fkvalg.dk\/index.php\/wp-json\/wp\/v2\/pages\/40","targetHints":{"allow":["GET"]}}],"collection":[{"href":"https:\/\/fkvalg.dk\/index.php\/wp-json\/wp\/v2\/pages"}],"about":[{"href":"https:\/\/fkvalg.dk\/index.php\/wp-json\/wp\/v2\/types\/page"}],"author":[{"embeddable":true,"href":"https:\/\/fkvalg.dk\/index.php\/wp-json\/wp\/v2\/users\/1"}],"replies":[{"embeddable":true,"href":"https:\/\/fkvalg.dk\/index.php\/wp-json\/wp\/v2\/comments?post=40"}],"version-history":[{"count":1,"href":"https:\/\/fkvalg.dk\/index.php\/wp-json\/wp\/v2\/pages\/40\/revisions"}],"predecessor-version":[{"id":41,"href":"https:\/\/fkvalg.dk\/index.php\/wp-json\/wp\/v2\/pages\/40\/revisions\/41"}],"wp:attachment":[{"href":"https:\/\/fkvalg.dk\/index.php\/wp-json\/wp\/v2\/media?parent=40"}],"curies":[{"name":"wp","href":"https:\/\/api.w.org\/{rel}","templated":true}]}}