{"id":37,"date":"2025-11-13T08:13:10","date_gmt":"2025-11-13T07:13:10","guid":{"rendered":"https:\/\/fkvalg.dk\/?page_id=37"},"modified":"2025-11-13T09:27:01","modified_gmt":"2025-11-13T08:27:01","slug":"om-denne-valg-noedside","status":"publish","type":"page","link":"https:\/\/fkvalg.dk\/index.php\/om-denne-valg-noedside\/","title":{"rendered":"Om denne valg-n\u00f8dside"},"content":{"rendered":"\n<p class=\"has-medium-font-size\">Velkommen til fkvalg.dk<\/p>\n\n\n\n<p>Denne hjemmeside har Faxe Kommune oprettet som en n\u00f8dside.<br>Hvis kommunens ordin\u00e6re hjemmeside er lagt ned af hackere eller udsat for et overbelastningsangreb, s\u00e5 informerer Faxe Kommune blandt andet her.<\/p>\n\n\n\n<p><a href=\"https:\/\/fkvalg.dk\/\" data-type=\"link\" data-id=\"https:\/\/fkvalg.dk\/\">F\u00f8lg med i nyhederne p\u00e5 siden her<\/a><\/p>\n\n\n\n<p>Hvis du er kommet hertil ved et tilf\u00e6lde, og leder efter kommunens tilbud, s\u00e5 henviser vi til<br><a href=\"https:\/\/www.faxekommune.dk\/da\" target=\"_blank\" rel=\"noreferrer noopener\">https:\/\/www.faxekommune.dk\/da<\/a><\/p>\n\n\n\n<p><\/p>\n","protected":false},"excerpt":{"rendered":"<p>Velkommen til fkvalg.dk Denne hjemmeside har Faxe Kommune oprettet som en n\u00f8dside.Hvis kommunens ordin\u00e6re hjemmeside er lagt ned af hackere eller udsat for et overbelastningsangreb, s\u00e5 informerer Faxe Kommune blandt andet her. F\u00f8lg med i nyhederne p\u00e5 siden her Hvis du er kommet hertil ved et tilf\u00e6lde, og leder efter kommunens tilbud, s\u00e5 henviser vi &#8230; <a title=\"Om denne valg-n\u00f8dside\" class=\"read-more\" href=\"https:\/\/fkvalg.dk\/index.php\/om-denne-valg-noedside\/\" aria-label=\"Read more about Om denne valg-n\u00f8dside\">L\u00e6s mere <\/a><\/p>\n","protected":false},"author":1,"featured_media":0,"parent":0,"menu_order":0,"comment_status":"closed","ping_status":"closed","template":"","meta":{"footnotes":""},"class_list":["post-37","page","type-page","status-publish"],"jetpack_sharing_enabled":true,"_links":{"self":[{"href":"https:\/\/fkvalg.dk\/index.php\/wp-json\/wp\/v2\/pages\/37","targetHints":{"allow":["GET"]}}],"collection":[{"href":"https:\/\/fkvalg.dk\/index.php\/wp-json\/wp\/v2\/pages"}],"about":[{"href":"https:\/\/fkvalg.dk\/index.php\/wp-json\/wp\/v2\/types\/page"}],"author":[{"embeddable":true,"href":"https:\/\/fkvalg.dk\/index.php\/wp-json\/wp\/v2\/users\/1"}],"replies":[{"embeddable":true,"href":"https:\/\/fkvalg.dk\/index.php\/wp-json\/wp\/v2\/comments?post=37"}],"version-history":[{"count":2,"href":"https:\/\/fkvalg.dk\/index.php\/wp-json\/wp\/v2\/pages\/37\/revisions"}],"predecessor-version":[{"id":43,"href":"https:\/\/fkvalg.dk\/index.php\/wp-json\/wp\/v2\/pages\/37\/revisions\/43"}],"wp:attachment":[{"href":"https:\/\/fkvalg.dk\/index.php\/wp-json\/wp\/v2\/media?parent=37"}],"curies":[{"name":"wp","href":"https:\/\/api.w.org\/{rel}","templated":true}]}}